{"id":175,"date":"2021-03-23T11:11:58","date_gmt":"2021-03-23T10:11:58","guid":{"rendered":"https:\/\/www.lhz.bz.it\/?page_id=175"},"modified":"2021-03-25T09:49:18","modified_gmt":"2021-03-25T08:49:18","slug":"privacy","status":"publish","type":"page","link":"https:\/\/www.lhz.bz.it\/it\/privacy\/","title":{"rendered":"La tutela della privacy"},"content":{"rendered":"<h4>Informativa sul trattamento dei dati personali<\/h4>\n<p>La presente Informativa sul trattamento dei dati personali fa riferimento al trattamento dei dati personali raccolti nel momento in cui utilizzate i nostri servizi o nel momento in cui visitate il nostro sito web. Nel seguente documento Vi informiamo ai sensi del D.Lgs. n. 196 del 20 giugno 2003 (\u201cInformativa sul trattamento dei dati personali\u201d) e ai sensi del Regolamento UE 2016\/679 sulla protezione delle persone fisiche con riguardo al trattamento dei dati personali nonch\u00e9 sulla libera circolazione di tali dati, su come lo studio \u201cLustik Hofer Z\u00f6ggeler\u201d (di seguito denominato \u201cLHZ\u201d), in qualit\u00e0 di titolare del trattamento, tratta i Vostri dati personali, sulle tipologie dei dati raccolti, su come e per quali finalit\u00e0 tali dati vengono utilizzati, sui soggetti a cui LHZ trasmette i Vostri dati e su come LHZ protegge i Vostri dati personali.<\/p>\n<p>Si informa inoltre che LHZ ha designato un Responsabile della Protezione dei Dati, reperibile presso la sede legale del Titolare del Trattamento e all\u2019indirizzo e-mail <a title=\"E-Mail senden\" href=\"&#x6d;&#x61;&#x69;&#x6c;&#x74;&#x6f;&#x3a;i&#110;fo&#64;&#108;h&#122;.&#98;&#122;.it\">&#105;&#110;&#102;o&#64;&#108;&#104;&#122;.&#98;&#122;&#46;i&#116;<\/a>.<br \/>\nI Vostri diritti della personalit\u00e0 hanno la priorit\u00e0 assoluta e LHZ si impegna a proteggere i Vostri dati personali nonch\u00e9 a trattarli con la massima cura e discrezione. Restano impregiudicati tutti gli obblighi in materia di protezione dei dati che vanno oltre la presente Informativa sul trattamento dei dati personali.<\/p>\n<h4>Perch\u00e9 LHZ tratta dati personali e per quanto tempo sono conservati?<\/h4>\n<p>LHZ raccoglie e utilizza i Vostri dati personali al fine di poter fornire il servizio da Voi richiesto. I Vostri dati personali saranno trattati per tutto il tempo necessario allo svolgimento dei servizi richiesti, ovvero per tutto il tempo in cui LHZ \u00e8 altres\u00ec obbligato, per effetto di disposizioni di legge inderogabili, alla conservazione di tali dati. I dati personali vengono cancellati e distrutti al massimo dopo 10 anni dalla cessazione del rapporto finanziario.<\/p>\n<h4>Quali dati vengono raccolti?<\/h4>\n<p>Affinch\u00e9 LHZ sia in grado di fornire il servizio commissionato, \u00e8 imprescindibile che Voi divulghiate una serie di informazioni e di dati personali. Ad esempio, Vi pu\u00f2 essere richiesto di fornire i Vostri dati personali qualora vogliate avviare una transazione. Vi verr\u00e0 sempre chiesto solo di fornire informazioni rilevanti per la situazione in questione, come ad esempio il nome, l\u2019indirizzo postale, il numero di telefono e l\u2019indirizzo e-mail.<\/p>\n<p>Inoltre, LHZ raccoglie dati personali riguardanti le attivit\u00e0 svolte sul sito web. LHZ pu\u00f2 utilizzare questi dati al fine di determinare quali informazioni siano realmente utili per i suoi clienti e quali aree dei suoi siti web e servizi Internet interessino maggiormente la sua clientela.<\/p>\n<h4>In quali casi LHZ divulga i dati personali?<\/h4>\n<p>LHZ prende molto sul serio la protezione dei Vostri dati personali e Vi garantisce di non vendere n\u00e9 di prestare le Vostre informazioni di contatto a terzi.<\/p>\n<p>Nel corso dello svolgimento dei servizi, LHZ pu\u00f2 eventualmente divulgare i Vostri dati personali a dipendenti e collaboratori interni nonch\u00e9 a terzi esterni che lavorano per LHZ e sono tenuti a proteggere tali dati in conformit\u00e0 con la presente Informativa sul trattamento dei dati personali ed in conformit\u00e0 con il Regolamento UE 2016\/697. In particolare, queste terze parti possono aiutarci a fornire servizi specifici.<\/p>\n<p>Inoltre, LHZ potrebbe essere obbligato a comunicare i Vostri dati personali in base a disposizioni di legge inderogabili o a ordini ufficiali.<\/p>\n<h4>In che modo LHZ protegge i Vostri dati personali?<\/h4>\n<p>LHZ adotta misure cautelative, incluse procedure amministrative, elettroniche e fisiche per proteggere i Vostri dati personali da perdita, furto e uso improprio nonch\u00e9 da accesso non autorizzato, divulgazione, modifica e\/o distruzione.<\/p>\n<h4>Integrit\u00e0 dei Vostri dati personali<\/h4>\n<p>LHZ ha adottato misure di protezione per garantire che i Vostri dati personali siano sempre corretti, completi e aggiornati per gli scopi previsti. Certamente, in qualsiasi momento, avete il diritto di far esaminare i dati personali da Voi forniti per quanto ne riguarda l\u2019esattezza e l\u2019attualit\u00e0 e, ove necessario, di richiederne la modifica. Potete aiutarci a garantire che le Vostre informazioni di contatto e impostazioni predefinite siano corrette, complete e aggiornate. Inoltre, potrete richiedere una copia dei Vostri dati personali contattandoci all\u2019indirizzo e-mail sottostante.<\/p>\n<h4>Cookie e altre tecnologie<\/h4>\n<p>Come \u00e8 consuetudine su molti altri siti web aziendali, anche LHZ utilizza i cosiddetti \u201cCookie\u201d e altre tecnologie al fine di comprendere meglio quali aree del nostro sito web sono particolarmente apprezzate, come i nostri visitatori si spostano all\u2019interno del sito e quanto tempo trascorrono nelle varie aree.<\/p>\n<p>Per ulteriori informazioni, potete consultare la <a href=\"https:\/\/www.lhz.bz.it\/it\/direttiva-cookie\/\">Cookie Policy<\/a> di LHZ.<\/p>\n<h4>Il nostro impegno per la protezione dei Vostri diritti della personalit\u00e0<\/h4>\n<p>Come precedentemente accennato, LHZ prende molto sul serio la protezione dei Vostri diritti della personalit\u00e0. Per garantire la sicurezza dei Vostri dati personali, le presenti linee guida vengono inviate a tutti i collaboratori interessati, ai dipendenti nonch\u00e9 ai terzi incaricati che cooperano con LHZ, mentre le misure di sicurezza per la protezione dei diritti della personalit\u00e0 sono attuate con costanza.<br \/>\nLHZ si riserva il diritto di modificare periodicamente la presente Informativa sul trattamento dei dati personali. In caso di modifiche sostanziali, la relativa comunicazione sar\u00e0 pubblicata sul nostro sito web insieme alla versione aggiornata dell\u2019Informativa sul trattamento dei dati personali e inviata tramite e-mail.<\/p>\n<h4>I Vostri diritti<\/h4>\n<p>In conformit\u00e0 all\u2019art. 15 e segg. del Regolamento UE 2016\/679, con la presente Vi informiamo anche sui diritti che Vi spettano, in particolare per quanto riguarda la protezione dei dati personali:<\/p>\n<p>Avete il diritto di richiedere conferma a LHZ riguardo al trattamento di dati personali che Vi riguardano e, in caso affermativo, di ottenere informazioni in merito a tali dati. Tali informazioni possono riguardare le finalit\u00e0 del trattamento o le categorie e i destinatari dei dati, il periodo di conservazione previsto, l\u2019esistenza di un diritto di rettifica, la cancellazione o la limitazione del trattamento. Possono inoltre riguardare il diritto di opporsi al trattamento o fornire informazioni sull\u2019origine dei dati, qualora essi siano forniti da altre persone. Potrebbero essere interessanti anche le informazioni sull\u2019esistenza di un processo decisionale automatizzato, compresa la profilazione, in quanto attivit\u00e0 da Lei svolte sul nostro sito web saranno rilevate e registrate ai fini statistici interni.<\/p>\n<p>Avete inoltre il diritto di rettifica e completamento dei Vostri dati personali senza ingiustificato ritardo;<\/p>\n<p>Potete altres\u00ec richiedere la cancellazione dei dati che vi riguardano o la limitazione del trattamento dei dati per motivi giustificati;<\/p>\n<p>Avete anche il diritto di ottenere i dati personali che avete fornito a LHZ in un formato strutturato, di uso comune e leggibile da dispositivo automatico e di trasmetterli ad un altro titolare del trattamento;<\/p>\n<p>Le dichiarazioni di consenso da Voi rilasciate a LHZ in merito al trattamento dei dati personali possono essere revocate in qualsiasi momento. Tuttavia, tale revoca non si applica ai tipi di trattamento dei dati gi\u00e0 consentiti in ossequio a disposizioni di legge. Tale opposizione al trattamento dei dati \u00e8 possibile in qualsiasi momento, a condizione che non sussistano motivi legittimi cogenti per procedere al trattamento.<\/p>\n<p>Avete il diritto di proporre reclamo all\u2019Autorit\u00e0 per la protezione dei dati personali, Piazza di Montecitorio n. 121, 00186, Roma (RM)<\/p>\n<h4>Newsletter<\/h4>\n<p>Con la newsletter, una volta a settimana informiamo i nostri clienti sulle novit\u00e0 attuali riguardanti l\u2019ordinamento tributario italiano. Se desiderate ricevere la newsletter, abbiamo bisogno di un Vostro indirizzo e-mail valido. Non saranno raccolti ulteriori dati. Questi dati saranno utilizzati esclusivamente per l\u2019invio della newsletter e non saranno divulgati a terzi. Potrete revocare in qualsiasi momento il Vostro consenso alla registrazione dei dati, dell\u2019indirizzo e-mail nonch\u00e9 del suo impiego ai fini dell\u2019invio della newsletter. Per revocare il Vostro consenso, potete inviarci una comunicazione.<\/p>\n<h4>Domande sulla protezione dei Vostri diritti della personalit\u00e0<\/h4>\n<p>Se avete domande o dubbi relativi alla tematica del trattamento dei dati personali, contattateci ed inviateci un messaggio.<\/p>\n","protected":false},"excerpt":{"rendered":"<p>Informativa sul trattamento dei dati personali La presente Informativa sul trattamento dei dati personali fa riferimento al trattamento dei dati personali raccolti nel momento in cui utilizzate i nostri servizi o nel momento in cui visitate il nostro sito web. Nel seguente documento Vi informiamo ai sensi del D.Lgs. n. 196 del 20 giugno 2003 [&hellip;]<\/p>\n","protected":false},"author":1,"featured_media":0,"parent":0,"menu_order":28,"comment_status":"closed","ping_status":"closed","template":"","meta":{"footnotes":""},"zusatzfelder":[],"class_list":["post-175","page","type-page","status-publish","hentry"],"_links":{"self":[{"href":"https:\/\/www.lhz.bz.it\/it\/wp-json\/wp\/v2\/pages\/175","targetHints":{"allow":["GET"]}}],"collection":[{"href":"https:\/\/www.lhz.bz.it\/it\/wp-json\/wp\/v2\/pages"}],"about":[{"href":"https:\/\/www.lhz.bz.it\/it\/wp-json\/wp\/v2\/types\/page"}],"author":[{"embeddable":true,"href":"https:\/\/www.lhz.bz.it\/it\/wp-json\/wp\/v2\/users\/1"}],"replies":[{"embeddable":true,"href":"https:\/\/www.lhz.bz.it\/it\/wp-json\/wp\/v2\/comments?post=175"}],"version-history":[{"count":0,"href":"https:\/\/www.lhz.bz.it\/it\/wp-json\/wp\/v2\/pages\/175\/revisions"}],"wp:attachment":[{"href":"https:\/\/www.lhz.bz.it\/it\/wp-json\/wp\/v2\/media?parent=175"}],"wp:term":[{"taxonomy":"zusatzfelder","embeddable":true,"href":"https:\/\/www.lhz.bz.it\/it\/wp-json\/wp\/v2\/zusatzfelder?post=175"}],"curies":[{"name":"wp","href":"https:\/\/api.w.org\/{rel}","templated":true}]}}